{"id":2535,"date":"2020-06-30T08:54:35","date_gmt":"2020-06-30T08:54:35","guid":{"rendered":"https:\/\/www.asia-wohnstudio.de\/blog\/?page_id=2535"},"modified":"2021-03-15T09:37:05","modified_gmt":"2021-03-15T09:37:05","slug":"start-2","status":"publish","type":"page","link":"https:\/\/www.asia-wohnstudio.de\/blog\/","title":{"rendered":"Start"},"content":{"rendered":"<p>[et_pb_section fb_built=&#8220;1&#8243; _builder_version=&#8220;4.4.7&#8243; background_image=&#8220;https:\/\/www.asia-wohnstudio.de\/blog\/wp-content\/uploads\/2020\/07\/asia-wohnstudio-bg01-gruen.png&#8220; custom_margin=&#8220;-3%||||false|false&#8220; custom_margin_tablet=&#8220;&#8220; custom_margin_phone=&#8220;-13%||||false|false&#8220; custom_margin_last_edited=&#8220;on|phone&#8220;][et_pb_row column_structure=&#8220;1_2,1_2&#8243; make_equal=&#8220;on&#8220; _builder_version=&#8220;3.29.3&#8243;][et_pb_column type=&#8220;1_2&#8243; _builder_version=&#8220;3.29.3&#8243; background_enable_color=&#8220;off&#8220; background_image=&#8220;https:\/\/www.asia-wohnstudio.de\/blog\/wp-content\/uploads\/2020\/06\/Fotostudio-alle-Kissen-overlay.jpg&#8220; custom_css_main_element=&#8220;align-items: flex-end;&#8220;][et_pb_text admin_label=&#8220;Produkte&#8220; module_class=&#8220;centered-text&#8220; _builder_version=&#8220;4.4.7&#8243; header_2_font=&#8220;|600||on|||||&#8220; header_2_font_size=&#8220;30px&#8220; background_enable_image=&#8220;off&#8220; text_orientation=&#8220;right&#8220; background_layout=&#8220;dark&#8220; custom_padding=&#8220;30px|30px|30px|150px|false|false&#8220; custom_padding_tablet=&#8220;150px|||30px|false|false&#8220; custom_padding_phone=&#8220;30px||||false|false&#8220; custom_padding_last_edited=&#8220;on|desktop&#8220; link_option_url=&#8220;https:\/\/asia-wohnstudio.de\/&#8220; link_option_url_new_window=&#8220;on&#8220; text_orientation_tablet=&#8220;left&#8220; text_orientation_phone=&#8220;&#8220; text_orientation_last_edited=&#8220;on|phone&#8220;]<\/p>\n<h2>Produkte<\/h2>\n<p class=\"p1\"><span class=\"s1\">Jetzt unsere farbenfrohen, handgefertigten Kapokkissen, asiatischen M\u00f6bel und stilvolle Deko entdecken.<\/span><\/p>\n<p>[\/et_pb_text][\/et_pb_column][et_pb_column type=&#8220;1_2&#8243; _builder_version=&#8220;3.29.3&#8243;][et_pb_text admin_label=&#8220;Unsere Mission&#8220; _builder_version=&#8220;4.4.7&#8243; header_2_font=&#8220;|600||on|||||&#8220; header_2_font_size=&#8220;30px&#8220; background_image=&#8220;https:\/\/www.asia-wohnstudio.de\/blog\/wp-content\/uploads\/2020\/06\/DSC_0960_web02.jpg&#8220; background_position=&#8220;top_center&#8220; background_layout=&#8220;dark&#8220; custom_padding=&#8220;80px|150px|30px|30px|false|false&#8220; custom_padding_tablet=&#8220;150px|30px|||false|false&#8220; custom_padding_phone=&#8220;30px||||false|false&#8220; custom_padding_last_edited=&#8220;on|desktop&#8220; link_option_url=&#8220;https:\/\/asia-wohnstudio.de\/Ueber-uns:_:43.html&#8220;]<\/p>\n<h2>Unsere Mission<\/h2>\n<p class=\"p1\">Wer sind wir und was hat es mit dem Asia Wohnstudio auf sich? Hier gibt es die Hintergrund-Story!<\/p>\n<p>[\/et_pb_text][et_pb_text admin_label=&#8220;Kapok&#8220; _builder_version=&#8220;4.4.7&#8243; header_2_font=&#8220;|600||on|||||&#8220; header_2_font_size=&#8220;30px&#8220; background_image=&#8220;https:\/\/www.asia-wohnstudio.de\/blog\/wp-content\/uploads\/2020\/06\/Kapok_overlay.jpg&#8220; background_layout=&#8220;dark&#8220; custom_padding=&#8220;80px|150px|30px|30px|false|false&#8220; custom_padding_tablet=&#8220;150px|30px|||false|false&#8220; custom_padding_phone=&#8220;30px||||false|false&#8220; custom_padding_last_edited=&#8220;on|desktop&#8220; link_option_url=&#8220;https:\/\/asia-wohnstudio.de\/Was-ist-Kapok:_:50.html&#8220;]<\/p>\n<h2>Kapok &#8211; was ist das?<\/h2>\n<p class=\"p1\"><span class=\"s1\">Kapok &#8211; nie geh\u00f6rt? Was die Wunderschote kann und warum wir ihr verfallen sind, erf\u00e4hrst du hier.\u00a0<\/span><\/p>\n<p>[\/et_pb_text][\/et_pb_column][\/et_pb_row][\/et_pb_section][et_pb_section fb_built=&#8220;1&#8243; _builder_version=&#8220;3.29.3&#8243; collapsed=&#8220;off&#8220;][et_pb_row column_structure=&#8220;2_3,1_3&#8243; _builder_version=&#8220;3.29.3&#8243;][et_pb_column type=&#8220;2_3&#8243; _builder_version=&#8220;3.29.3&#8243;][et_pb_blog posts_number=&#8220;4&#8243; include_categories=&#8220;all&#8220; excerpt_length=&#8220;170&#8243; show_more=&#8220;on&#8220; show_pagination=&#8220;off&#8220; _builder_version=&#8220;4.4.7&#8243; header_text_color=&#8220;#61A136&#8243; header_font_size=&#8220;22px&#8220;][\/et_pb_blog][et_pb_button button_url=&#8220;@ET-DC@eyJkeW5hbWljIjp0cnVlLCJjb250ZW50IjoicG9zdF9saW5rX3VybF9wYWdlIiwic2V0dGluZ3MiOnsicG9zdF9pZCI6IjI5MTQifX0=@&#8220; button_text=&#8220;Weitere Beitr\u00e4ge&#8220; _builder_version=&#8220;4.4.7&#8243; _dynamic_attributes=&#8220;button_url&#8220;][\/et_pb_button][\/et_pb_column][et_pb_column type=&#8220;1_3&#8243; _builder_version=&#8220;3.29.3&#8243;][et_pb_sidebar _builder_version=&#8220;4.4.7&#8243; header_text_color=&#8220;#7fae2e&#8220; header_font_size=&#8220;20px&#8220; body_text_color=&#8220;#7f7f7f&#8220; background_color=&#8220;rgba(97,161,54,0.2)&#8220; custom_padding=&#8220;30px|30px|30px|30px|false|false&#8220; saved_tabs=&#8220;all&#8220;][\/et_pb_sidebar][\/et_pb_column][\/et_pb_row][\/et_pb_section][et_pb_section fb_built=&#8220;1&#8243; _builder_version=&#8220;4.4.7&#8243; background_image=&#8220;https:\/\/www.asia-wohnstudio.de\/blog\/wp-content\/uploads\/2020\/07\/asia-wohnstudio-bg01-gespiegelt.png&#8220;][et_pb_row column_structure=&#8220;3_5,2_5&#8243; _builder_version=&#8220;3.29.3&#8243;][et_pb_column type=&#8220;3_5&#8243; _builder_version=&#8220;3.29.3&#8243;][et_pb_text _builder_version=&#8220;3.29.3&#8243; text_text_color=&#8220;#303030&#8243; text_line_height=&#8220;1.8em&#8220; header_2_font=&#8220;|700|||||||&#8220; header_2_text_color=&#8220;#303030&#8243; header_2_font_size=&#8220;32px&#8220; header_2_line_height=&#8220;1.3em&#8220; custom_margin=&#8220;8%||||false|false&#8220;]<\/p>\n<h2 class=\"p1\"><span class=\"s1\">Moderne &amp; klassische Kapokprodukte<br \/>aus dem Land des L\u00e4chelns<\/span><\/h2>\n<p class=\"p1\"><span class=\"s1\">Urlaubsgef\u00fchl pur! Bei Thaisitzkissen.de finden Sie handgefertigte Thaikissen aus Thailand. Unsere farbenfrohen Wellnesskissen aus Thailand sorgen f\u00fcr ein warmes Wohnambiente und haben stets einen praktischen Mehrwert. So eignen sich unsere Thaikissen nicht nur im Wohn- und Schlafzimmer, sondern durch ihre besondere Kapokf\u00fcllung auch f\u00fcr den Au\u00dfenbereich. Da unsere Kissen keine Bodenk\u00e4lte durchlassen k\u00f6nnen sie auch auf dem Balkon, im Garten, oder beim Camping genutzt werden. Auch wenn die Thaikissen gerade einmal nicht genutzt werden, sind sie \u00e4u\u00dferst platzsparend, dekorativ und stets Einsatzbereit.<\/span><\/p>\n<p>[\/et_pb_text][et_pb_button button_url=&#8220;https:\/\/asia-wohnstudio.de\/&#8220; url_new_window=&#8220;on&#8220; button_text=&#8220;Zum Shop&#8220; _builder_version=&#8220;4.4.7&#8243;][\/et_pb_button][\/et_pb_column][et_pb_column type=&#8220;2_5&#8243; _builder_version=&#8220;3.29.3&#8243;][et_pb_image src=&#8220;https:\/\/www.asia-wohnstudio.de\/blog\/wp-content\/uploads\/2020\/06\/Fotostudio-H-Klappmatratze-Dreieck-Sportuebung-Kerze.jpg&#8220; _builder_version=&#8220;4.4.7&#8243; border_width_all=&#8220;2px&#8220; border_color_all=&#8220;#61A136&#8243;][\/et_pb_image][\/et_pb_column][\/et_pb_row][\/et_pb_section]<\/p>\n<!-- AddThis Advanced Settings generic via filter on the_content --><!-- AddThis Share Buttons generic via filter on the_content -->","protected":false},"excerpt":{"rendered":"<p>Produkte Jetzt unsere farbenfrohen, handgefertigten Kapokkissen, asiatischen M\u00f6bel und stilvolle Deko entdecken.Unsere Mission Wer sind wir und was hat es mit dem Asia Wohnstudio auf sich? Hier gibt es die Hintergrund-Story!Kapok &#8211; was ist das? Kapok &#8211; nie geh\u00f6rt? Was die Wunderschote kann und warum wir ihr verfallen sind, erf\u00e4hrst du hier.\u00a0Moderne &amp; klassische Kapokprodukteaus [&hellip;]<\/p>\n<p><!-- AddThis Advanced Settings generic via filter on get_the_excerpt --><!-- AddThis Share Buttons generic via filter on get_the_excerpt --><\/p>\n","protected":false},"author":2,"featured_media":0,"parent":0,"menu_order":0,"comment_status":"closed","ping_status":"closed","template":"","meta":{"_et_pb_use_builder":"on","_et_pb_old_content":"","_et_gb_content_width":"","footnotes":"","_links_to":"","_links_to_target":""},"class_list":["post-2535","page","type-page","status-publish","hentry"],"yoast_head":"<!-- This site is optimized with the Yoast SEO plugin v26.8 - https:\/\/yoast.com\/product\/yoast-seo-wordpress\/ -->\n<title>Start<\/title>\n<meta name=\"description\" content=\"Im Asia Wohnstudio f\u00fchren ein interessantes Angebot an Asia Moebel direkt importiert aus Asien. Opiumtische, Truhen, Thaikissen, Holzelefante\" \/>\n<meta name=\"robots\" content=\"index, follow, max-snippet:-1, max-image-preview:large, max-video-preview:-1\" \/>\n<link rel=\"canonical\" href=\"https:\/\/www.asia-wohnstudio.de\/blog\/\" \/>\n<meta name=\"twitter:label1\" content=\"Gesch\u00e4tzte Lesezeit\" \/>\n\t<meta name=\"twitter:data1\" content=\"4\u00a0Minuten\" \/>\n<script type=\"application\/ld+json\" class=\"yoast-schema-graph\">{\"@context\":\"https:\/\/schema.org\",\"@graph\":[{\"@type\":\"WebPage\",\"@id\":\"https:\/\/www.asia-wohnstudio.de\/blog\/\",\"url\":\"https:\/\/www.asia-wohnstudio.de\/blog\/\",\"name\":\"Start\",\"isPartOf\":{\"@id\":\"https:\/\/www.asia-wohnstudio.de\/blog\/#website\"},\"datePublished\":\"2020-06-30T08:54:35+00:00\",\"dateModified\":\"2021-03-15T09:37:05+00:00\",\"description\":\"Im Asia Wohnstudio f\u00fchren ein interessantes Angebot an Asia Moebel direkt importiert aus Asien. Opiumtische, Truhen, Thaikissen, Holzelefante\",\"breadcrumb\":{\"@id\":\"https:\/\/www.asia-wohnstudio.de\/blog\/#breadcrumb\"},\"inLanguage\":\"de\",\"potentialAction\":[{\"@type\":\"ReadAction\",\"target\":[\"https:\/\/www.asia-wohnstudio.de\/blog\/\"]}]},{\"@type\":\"BreadcrumbList\",\"@id\":\"https:\/\/www.asia-wohnstudio.de\/blog\/#breadcrumb\",\"itemListElement\":[{\"@type\":\"ListItem\",\"position\":1,\"name\":\"Asia Wohnstudio Blog\",\"item\":\"https:\/\/www.asia-wohnstudio.de\/blog\/\"},{\"@type\":\"ListItem\",\"position\":2,\"name\":\"Start\"}]},{\"@type\":\"WebSite\",\"@id\":\"https:\/\/www.asia-wohnstudio.de\/blog\/#website\",\"url\":\"https:\/\/www.asia-wohnstudio.de\/blog\/\",\"name\":\"Asia Wohnstudio Blog\",\"description\":\"exklusive, asiatische Wohnaccessoires zu fairen Preisen\",\"publisher\":{\"@id\":\"https:\/\/www.asia-wohnstudio.de\/blog\/#organization\"},\"potentialAction\":[{\"@type\":\"SearchAction\",\"target\":{\"@type\":\"EntryPoint\",\"urlTemplate\":\"https:\/\/www.asia-wohnstudio.de\/blog\/?s={search_term_string}\"},\"query-input\":{\"@type\":\"PropertyValueSpecification\",\"valueRequired\":true,\"valueName\":\"search_term_string\"}}],\"inLanguage\":\"de\"},{\"@type\":\"Organization\",\"@id\":\"https:\/\/www.asia-wohnstudio.de\/blog\/#organization\",\"name\":\"Asia Wohnstudio.\",\"url\":\"https:\/\/www.asia-wohnstudio.de\/blog\/\",\"logo\":{\"@type\":\"ImageObject\",\"inLanguage\":\"de\",\"@id\":\"https:\/\/www.asia-wohnstudio.de\/blog\/#\/schema\/logo\/image\/\",\"url\":\"https:\/\/www.asia-wohnstudio.de\/blog\/wp-content\/uploads\/2019\/08\/asia-wohnstudio-blog_logo.jpg\",\"contentUrl\":\"https:\/\/www.asia-wohnstudio.de\/blog\/wp-content\/uploads\/2019\/08\/asia-wohnstudio-blog_logo.jpg\",\"width\":340,\"height\":186,\"caption\":\"Asia Wohnstudio.\"},\"image\":{\"@id\":\"https:\/\/www.asia-wohnstudio.de\/blog\/#\/schema\/logo\/image\/\"}}]}<\/script>\n<!-- \/ Yoast SEO plugin. -->","yoast_head_json":{"title":"Start","description":"Im Asia Wohnstudio f\u00fchren ein interessantes Angebot an Asia Moebel direkt importiert aus Asien. Opiumtische, Truhen, Thaikissen, Holzelefante","robots":{"index":"index","follow":"follow","max-snippet":"max-snippet:-1","max-image-preview":"max-image-preview:large","max-video-preview":"max-video-preview:-1"},"canonical":"https:\/\/www.asia-wohnstudio.de\/blog\/","twitter_misc":{"Gesch\u00e4tzte Lesezeit":"4\u00a0Minuten"},"schema":{"@context":"https:\/\/schema.org","@graph":[{"@type":"WebPage","@id":"https:\/\/www.asia-wohnstudio.de\/blog\/","url":"https:\/\/www.asia-wohnstudio.de\/blog\/","name":"Start","isPartOf":{"@id":"https:\/\/www.asia-wohnstudio.de\/blog\/#website"},"datePublished":"2020-06-30T08:54:35+00:00","dateModified":"2021-03-15T09:37:05+00:00","description":"Im Asia Wohnstudio f\u00fchren ein interessantes Angebot an Asia Moebel direkt importiert aus Asien. Opiumtische, Truhen, Thaikissen, Holzelefante","breadcrumb":{"@id":"https:\/\/www.asia-wohnstudio.de\/blog\/#breadcrumb"},"inLanguage":"de","potentialAction":[{"@type":"ReadAction","target":["https:\/\/www.asia-wohnstudio.de\/blog\/"]}]},{"@type":"BreadcrumbList","@id":"https:\/\/www.asia-wohnstudio.de\/blog\/#breadcrumb","itemListElement":[{"@type":"ListItem","position":1,"name":"Asia Wohnstudio Blog","item":"https:\/\/www.asia-wohnstudio.de\/blog\/"},{"@type":"ListItem","position":2,"name":"Start"}]},{"@type":"WebSite","@id":"https:\/\/www.asia-wohnstudio.de\/blog\/#website","url":"https:\/\/www.asia-wohnstudio.de\/blog\/","name":"Asia Wohnstudio Blog","description":"exklusive, asiatische Wohnaccessoires zu fairen Preisen","publisher":{"@id":"https:\/\/www.asia-wohnstudio.de\/blog\/#organization"},"potentialAction":[{"@type":"SearchAction","target":{"@type":"EntryPoint","urlTemplate":"https:\/\/www.asia-wohnstudio.de\/blog\/?s={search_term_string}"},"query-input":{"@type":"PropertyValueSpecification","valueRequired":true,"valueName":"search_term_string"}}],"inLanguage":"de"},{"@type":"Organization","@id":"https:\/\/www.asia-wohnstudio.de\/blog\/#organization","name":"Asia Wohnstudio.","url":"https:\/\/www.asia-wohnstudio.de\/blog\/","logo":{"@type":"ImageObject","inLanguage":"de","@id":"https:\/\/www.asia-wohnstudio.de\/blog\/#\/schema\/logo\/image\/","url":"https:\/\/www.asia-wohnstudio.de\/blog\/wp-content\/uploads\/2019\/08\/asia-wohnstudio-blog_logo.jpg","contentUrl":"https:\/\/www.asia-wohnstudio.de\/blog\/wp-content\/uploads\/2019\/08\/asia-wohnstudio-blog_logo.jpg","width":340,"height":186,"caption":"Asia Wohnstudio."},"image":{"@id":"https:\/\/www.asia-wohnstudio.de\/blog\/#\/schema\/logo\/image\/"}}]}},"_links":{"self":[{"href":"https:\/\/www.asia-wohnstudio.de\/blog\/wp-json\/wp\/v2\/pages\/2535","targetHints":{"allow":["GET"]}}],"collection":[{"href":"https:\/\/www.asia-wohnstudio.de\/blog\/wp-json\/wp\/v2\/pages"}],"about":[{"href":"https:\/\/www.asia-wohnstudio.de\/blog\/wp-json\/wp\/v2\/types\/page"}],"author":[{"embeddable":true,"href":"https:\/\/www.asia-wohnstudio.de\/blog\/wp-json\/wp\/v2\/users\/2"}],"replies":[{"embeddable":true,"href":"https:\/\/www.asia-wohnstudio.de\/blog\/wp-json\/wp\/v2\/comments?post=2535"}],"version-history":[{"count":14,"href":"https:\/\/www.asia-wohnstudio.de\/blog\/wp-json\/wp\/v2\/pages\/2535\/revisions"}],"predecessor-version":[{"id":2935,"href":"https:\/\/www.asia-wohnstudio.de\/blog\/wp-json\/wp\/v2\/pages\/2535\/revisions\/2935"}],"wp:attachment":[{"href":"https:\/\/www.asia-wohnstudio.de\/blog\/wp-json\/wp\/v2\/media?parent=2535"}],"curies":[{"name":"wp","href":"https:\/\/api.w.org\/{rel}","templated":true}]}}